{"id":14,"date":"2026-03-24T15:23:55","date_gmt":"2026-03-24T15:23:55","guid":{"rendered":"https:\/\/mrestilistas.rkinformatika.online\/?page_id=14"},"modified":"2026-03-25T14:44:42","modified_gmt":"2026-03-25T14:44:42","slug":"inicio","status":"publish","type":"page","link":"https:\/\/mrestilistas.com\/en\/","title":{"rendered":"Home"},"content":{"rendered":"<div data-elementor-type=\"wp-page\" data-elementor-id=\"14\" class=\"elementor elementor-14\" data-elementor-post-type=\"page\">\n\t\t\t\t<div class=\"elementor-element elementor-element-bdf4df7 e-flex e-con-boxed e-con e-parent\" data-id=\"bdf4df7\" data-element_type=\"container\" data-e-type=\"container\" data-settings=\"{&quot;background_background&quot;:&quot;classic&quot;}\">\n\t\t\t\t\t<div class=\"e-con-inner\">\n\t\t\t\t<div class=\"elementor-element elementor-element-6dc9018 elementor-invisible elementor-widget elementor-widget-heading\" data-id=\"6dc9018\" data-element_type=\"widget\" data-e-type=\"widget\" data-settings=\"{&quot;_animation&quot;:&quot;fadeInDown&quot;}\" data-widget_type=\"heading.default\">\n\t\t\t\t\t<h2 class=\"elementor-heading-title elementor-size-default\">MR Estilistas<\/h2>\t\t\t\t<\/div>\n\t\t\t\t<div class=\"elementor-element elementor-element-e3626d3 elementor-widget__width-initial elementor-widget-mobile__width-initial elementor-invisible elementor-widget elementor-widget-text-editor\" data-id=\"e3626d3\" data-element_type=\"widget\" data-e-type=\"widget\" data-settings=\"{&quot;_animation&quot;:&quot;fadeInLeft&quot;}\" data-widget_type=\"text-editor.default\">\n\t\t\t\t\t\t\t\t\t<p>Specialists in hairstyling, designer manicures, and advanced aesthetics with laser technology. A space designed for your well-being and impeccable results.<\/p>\t\t\t\t\t\t\t\t<\/div>\n\t\t\t\t\t<\/div>\n\t\t\t\t<\/div>\n\t\t<div class=\"elementor-element elementor-element-d0d86f5 e-flex e-con-boxed e-con e-parent\" data-id=\"d0d86f5\" data-element_type=\"container\" data-e-type=\"container\" data-settings=\"{&quot;background_background&quot;:&quot;classic&quot;}\">\n\t\t\t\t\t<div class=\"e-con-inner\">\n\t\t<div class=\"elementor-element elementor-element-ce08335 e-con-full e-flex e-con e-child\" data-id=\"ce08335\" data-element_type=\"container\" data-e-type=\"container\">\n\t\t\t\t<div class=\"elementor-element elementor-element-3db3722 elementor-widget elementor-widget-image\" data-id=\"3db3722\" data-element_type=\"widget\" data-e-type=\"widget\" data-widget_type=\"image.default\">\n\t\t\t\t\t\t\t\t\t\t\t\t\t\t\t<img fetchpriority=\"high\" decoding=\"async\" width=\"2000\" height=\"1500\" src=\"https:\/\/mrestilistas.com\/wp-content\/uploads\/2026\/03\/WhatsApp-Image-2026-03-25-at-14.56.52-5.jpeg\" class=\"attachment-2048x2048 size-2048x2048 wp-image-580\" alt=\"\" srcset=\"https:\/\/mrestilistas.com\/wp-content\/uploads\/2026\/03\/WhatsApp-Image-2026-03-25-at-14.56.52-5.jpeg 2000w, https:\/\/mrestilistas.com\/wp-content\/uploads\/2026\/03\/WhatsApp-Image-2026-03-25-at-14.56.52-5-300x225.jpeg 300w, https:\/\/mrestilistas.com\/wp-content\/uploads\/2026\/03\/WhatsApp-Image-2026-03-25-at-14.56.52-5-1024x768.jpeg 1024w, https:\/\/mrestilistas.com\/wp-content\/uploads\/2026\/03\/WhatsApp-Image-2026-03-25-at-14.56.52-5-768x576.jpeg 768w, https:\/\/mrestilistas.com\/wp-content\/uploads\/2026\/03\/WhatsApp-Image-2026-03-25-at-14.56.52-5-1536x1152.jpeg 1536w, https:\/\/mrestilistas.com\/wp-content\/uploads\/2026\/03\/WhatsApp-Image-2026-03-25-at-14.56.52-5-16x12.jpeg 16w\" sizes=\"(max-width: 2000px) 100vw, 2000px\" \/>\t\t\t\t\t\t\t\t\t\t\t\t\t\t\t<\/div>\n\t\t\t\t<\/div>\n\t\t<div class=\"elementor-element elementor-element-de521d3 e-con-full e-flex e-con e-child\" data-id=\"de521d3\" data-element_type=\"container\" data-e-type=\"container\">\n\t\t\t\t<div class=\"elementor-element elementor-element-ed09887 elementor-widget elementor-widget-heading\" data-id=\"ed09887\" data-element_type=\"widget\" data-e-type=\"widget\" data-widget_type=\"heading.default\">\n\t\t\t\t\t<h2 class=\"elementor-heading-title elementor-size-default\">Complete beauty in one place<\/h2>\t\t\t\t<\/div>\n\t\t\t\t<div class=\"elementor-element elementor-element-169b792 elementor-widget elementor-widget-text-editor\" data-id=\"169b792\" data-element_type=\"widget\" data-e-type=\"widget\" data-widget_type=\"text-editor.default\">\n\t\t\t\t\t\t\t\t\t<p>At MR Estilistas, we take care of every detail of your image. Enjoy expert hairdressing and nail design services, combined with the precision of our advanced laser technology. A comprehensive beauty concept designed for your comfort and professional results.<\/p>\t\t\t\t\t\t\t\t<\/div>\n\t\t\t\t<\/div>\n\t\t\t\t\t<\/div>\n\t\t\t\t<\/div>\n\t\t<div class=\"elementor-element elementor-element-7d70de0 e-flex e-con-boxed e-con e-parent\" data-id=\"7d70de0\" data-element_type=\"container\" data-e-type=\"container\" data-settings=\"{&quot;background_background&quot;:&quot;classic&quot;}\">\n\t\t\t\t\t<div class=\"e-con-inner\">\n\t\t<div class=\"elementor-element elementor-element-9f74b90 e-con-full e-flex e-con e-child\" data-id=\"9f74b90\" data-element_type=\"container\" data-e-type=\"container\">\n\t\t\t\t<div class=\"elementor-element elementor-element-4472914 elementor-widget elementor-widget-image\" data-id=\"4472914\" data-element_type=\"widget\" data-e-type=\"widget\" data-widget_type=\"image.default\">\n\t\t\t\t\t\t\t\t\t\t\t\t\t\t\t<img decoding=\"async\" width=\"1536\" height=\"1152\" src=\"https:\/\/mrestilistas.com\/wp-content\/uploads\/2026\/03\/WhatsApp-Image-2026-03-25-at-14.56.52-7-1536x1152.jpeg\" class=\"attachment-1536x1536 size-1536x1536 wp-image-584\" alt=\"\" srcset=\"https:\/\/mrestilistas.com\/wp-content\/uploads\/2026\/03\/WhatsApp-Image-2026-03-25-at-14.56.52-7-1536x1152.jpeg 1536w, https:\/\/mrestilistas.com\/wp-content\/uploads\/2026\/03\/WhatsApp-Image-2026-03-25-at-14.56.52-7-300x225.jpeg 300w, https:\/\/mrestilistas.com\/wp-content\/uploads\/2026\/03\/WhatsApp-Image-2026-03-25-at-14.56.52-7-1024x768.jpeg 1024w, https:\/\/mrestilistas.com\/wp-content\/uploads\/2026\/03\/WhatsApp-Image-2026-03-25-at-14.56.52-7-768x576.jpeg 768w, https:\/\/mrestilistas.com\/wp-content\/uploads\/2026\/03\/WhatsApp-Image-2026-03-25-at-14.56.52-7-16x12.jpeg 16w, https:\/\/mrestilistas.com\/wp-content\/uploads\/2026\/03\/WhatsApp-Image-2026-03-25-at-14.56.52-7.jpeg 2000w\" sizes=\"(max-width: 1536px) 100vw, 1536px\" \/>\t\t\t\t\t\t\t\t\t\t\t\t\t\t\t<\/div>\n\t\t\t\t<\/div>\n\t\t<div class=\"elementor-element elementor-element-5eade98 e-con-full e-flex e-con e-child\" data-id=\"5eade98\" data-element_type=\"container\" data-e-type=\"container\">\n\t\t\t\t<div class=\"elementor-element elementor-element-56039d8 elementor-widget elementor-widget-heading\" data-id=\"56039d8\" data-element_type=\"widget\" data-e-type=\"widget\" data-widget_type=\"heading.default\">\n\t\t\t\t\t<h2 class=\"elementor-heading-title elementor-size-default\">Passion for your image since 2019<\/h2>\t\t\t\t<\/div>\n\t\t\t\t<div class=\"elementor-element elementor-element-2946e72 elementor-widget elementor-widget-text-editor\" data-id=\"2946e72\" data-element_type=\"widget\" data-e-type=\"widget\" data-widget_type=\"text-editor.default\">\n\t\t\t\t\t\t\t\t\t<p>MR Estilistas was founded over seven years ago with a clear dream: to create a comprehensive beauty haven where every detail matters. Since opening in 2019, we have evolved alongside our clients, perfecting our hairdressing and beauty techniques to always offer you cutting-edge service in a trustworthy environment.<\/p>\t\t\t\t\t\t\t\t<\/div>\n\t\t\t\t<\/div>\n\t\t\t\t\t<\/div>\n\t\t\t\t<\/div>\n\t\t<div class=\"elementor-element elementor-element-010baaa e-flex e-con-boxed e-con e-parent\" data-id=\"010baaa\" data-element_type=\"container\" data-e-type=\"container\" data-settings=\"{&quot;background_background&quot;:&quot;classic&quot;}\">\n\t\t\t\t\t<div class=\"e-con-inner\">\n\t\t\t\t<div class=\"elementor-element elementor-element-a39e785 elementor-widget elementor-widget-heading\" data-id=\"a39e785\" data-element_type=\"widget\" data-e-type=\"widget\" data-widget_type=\"heading.default\">\n\t\t\t\t\t<h2 class=\"elementor-heading-title elementor-size-default\">Discover everything we can do for you<\/h2>\t\t\t\t<\/div>\n\t\t\t\t<div class=\"elementor-element elementor-element-4c64e7d elementor-widget elementor-widget-button\" data-id=\"4c64e7d\" data-element_type=\"widget\" data-e-type=\"widget\" data-widget_type=\"button.default\">\n\t\t\t\t\t\t\t\t\t\t<a class=\"elementor-button elementor-button-link elementor-size-sm\" href=\"https:\/\/mrestilistas.com\/en\/servicio\/\">\n\t\t\t\t\t\t<span class=\"elementor-button-content-wrapper\">\n\t\t\t\t\t\t\t\t\t<span class=\"elementor-button-text\">See all services<\/span>\n\t\t\t\t\t<\/span>\n\t\t\t\t\t<\/a>\n\t\t\t\t\t\t\t\t<\/div>\n\t\t\t\t\t<\/div>\n\t\t\t\t<\/div>\n\t\t\t\t<\/div>","protected":false},"excerpt":{"rendered":"<p>MR Estilistas Especialistas en estilismo capilar, manicura de dise\u00f1o y est\u00e9tica avanzada con tecnolog\u00eda l\u00e1ser. Un espacio pensado para tu bienestar y resultados impecables. Belleza completa en un solo lugar En MR Estilistas cuidamos cada detalle de tu imagen. Disfruta de servicios expertos en peluquer\u00eda y dise\u00f1o de u\u00f1as, junto a la precisi\u00f3n de nuestra [&hellip;]<\/p>\n","protected":false},"author":1,"featured_media":0,"parent":0,"menu_order":0,"comment_status":"closed","ping_status":"closed","template":"elementor_canvas","meta":{"footnotes":""},"class_list":["post-14","page","type-page","status-publish","hentry"],"yoast_head":"<!-- This site is optimized with the Yoast SEO plugin v27.4 - https:\/\/yoast.com\/product\/yoast-seo-wordpress\/ -->\n<title>Inicio - MR Estilistas O.E.<\/title>\n<meta name=\"robots\" content=\"index, follow, max-snippet:-1, max-image-preview:large, max-video-preview:-1\" \/>\n<link rel=\"canonical\" href=\"https:\/\/mrestilistas.com\/en\/\" \/>\n<meta property=\"og:locale\" content=\"en_GB\" \/>\n<meta property=\"og:type\" content=\"article\" \/>\n<meta property=\"og:title\" content=\"Inicio - MR Estilistas O.E.\" \/>\n<meta property=\"og:description\" content=\"MR Estilistas Especialistas en estilismo capilar, manicura de dise\u00f1o y est\u00e9tica avanzada con tecnolog\u00eda l\u00e1ser. Un espacio pensado para tu bienestar y resultados impecables. Belleza completa en un solo lugar En MR Estilistas cuidamos cada detalle de tu imagen. Disfruta de servicios expertos en peluquer\u00eda y dise\u00f1o de u\u00f1as, junto a la precisi\u00f3n de nuestra [&hellip;]\" \/>\n<meta property=\"og:url\" content=\"https:\/\/mrestilistas.com\/en\/\" \/>\n<meta property=\"og:site_name\" content=\"MR Estilistas O.E.\" \/>\n<meta property=\"article:modified_time\" content=\"2026-03-25T14:44:42+00:00\" \/>\n<meta property=\"og:image\" content=\"https:\/\/mrestilistas.com\/wp-content\/uploads\/2026\/03\/WhatsApp-Image-2026-03-25-at-14.56.52-5.jpeg\" \/>\n<meta name=\"twitter:card\" content=\"summary_large_image\" \/>\n<meta name=\"twitter:label1\" content=\"Est. reading time\" \/>\n\t<meta name=\"twitter:data1\" content=\"1 minute\" \/>\n<script type=\"application\/ld+json\" class=\"yoast-schema-graph\">{\"@context\":\"https:\\\/\\\/schema.org\",\"@graph\":[{\"@type\":\"WebPage\",\"@id\":\"https:\\\/\\\/mrestilistas.com\\\/\",\"url\":\"https:\\\/\\\/mrestilistas.com\\\/\",\"name\":\"Inicio - MR Estilistas O.E.\",\"isPartOf\":{\"@id\":\"https:\\\/\\\/mrestilistas.com\\\/#website\"},\"primaryImageOfPage\":{\"@id\":\"https:\\\/\\\/mrestilistas.com\\\/#primaryimage\"},\"image\":{\"@id\":\"https:\\\/\\\/mrestilistas.com\\\/#primaryimage\"},\"thumbnailUrl\":\"https:\\\/\\\/mrestilistas.com\\\/wp-content\\\/uploads\\\/2026\\\/03\\\/WhatsApp-Image-2026-03-25-at-14.56.52-5.jpeg\",\"datePublished\":\"2026-03-24T15:23:55+00:00\",\"dateModified\":\"2026-03-25T14:44:42+00:00\",\"breadcrumb\":{\"@id\":\"https:\\\/\\\/mrestilistas.com\\\/#breadcrumb\"},\"inLanguage\":\"en-GB\",\"potentialAction\":[{\"@type\":\"ReadAction\",\"target\":[\"https:\\\/\\\/mrestilistas.com\\\/\"]}]},{\"@type\":\"ImageObject\",\"inLanguage\":\"en-GB\",\"@id\":\"https:\\\/\\\/mrestilistas.com\\\/#primaryimage\",\"url\":\"https:\\\/\\\/mrestilistas.com\\\/wp-content\\\/uploads\\\/2026\\\/03\\\/WhatsApp-Image-2026-03-25-at-14.56.52-5.jpeg\",\"contentUrl\":\"https:\\\/\\\/mrestilistas.com\\\/wp-content\\\/uploads\\\/2026\\\/03\\\/WhatsApp-Image-2026-03-25-at-14.56.52-5.jpeg\"},{\"@type\":\"BreadcrumbList\",\"@id\":\"https:\\\/\\\/mrestilistas.com\\\/#breadcrumb\",\"itemListElement\":[{\"@type\":\"ListItem\",\"position\":1,\"name\":\"Portada\",\"item\":\"https:\\\/\\\/mrestilistas.com\\\/\"},{\"@type\":\"ListItem\",\"position\":2,\"name\":\"Inicio\"}]},{\"@type\":\"WebSite\",\"@id\":\"https:\\\/\\\/mrestilistas.com\\\/#website\",\"url\":\"https:\\\/\\\/mrestilistas.com\\\/\",\"name\":\"MR Estilistas O.E.\",\"description\":\"Manicura y Peluquer\u00eda\",\"publisher\":{\"@id\":\"https:\\\/\\\/mrestilistas.com\\\/#organization\"},\"potentialAction\":[{\"@type\":\"SearchAction\",\"target\":{\"@type\":\"EntryPoint\",\"urlTemplate\":\"https:\\\/\\\/mrestilistas.com\\\/?s={search_term_string}\"},\"query-input\":{\"@type\":\"PropertyValueSpecification\",\"valueRequired\":true,\"valueName\":\"search_term_string\"}}],\"inLanguage\":\"en-GB\"},{\"@type\":\"Organization\",\"@id\":\"https:\\\/\\\/mrestilistas.com\\\/#organization\",\"name\":\"MR Estilistas O.E.\",\"url\":\"https:\\\/\\\/mrestilistas.com\\\/\",\"logo\":{\"@type\":\"ImageObject\",\"inLanguage\":\"en-GB\",\"@id\":\"https:\\\/\\\/mrestilistas.com\\\/#\\\/schema\\\/logo\\\/image\\\/\",\"url\":\"https:\\\/\\\/mrestilistas.com\\\/wp-content\\\/uploads\\\/2026\\\/03\\\/cropped-mrestilistas202603_logo_web-scaled-1.png\",\"contentUrl\":\"https:\\\/\\\/mrestilistas.com\\\/wp-content\\\/uploads\\\/2026\\\/03\\\/cropped-mrestilistas202603_logo_web-scaled-1.png\",\"width\":2559,\"height\":1691,\"caption\":\"MR Estilistas O.E.\"},\"image\":{\"@id\":\"https:\\\/\\\/mrestilistas.com\\\/#\\\/schema\\\/logo\\\/image\\\/\"}}]}<\/script>\n<!-- \/ Yoast SEO plugin. -->","yoast_head_json":{"title":"Inicio - MR Estilistas O.E.","robots":{"index":"index","follow":"follow","max-snippet":"max-snippet:-1","max-image-preview":"max-image-preview:large","max-video-preview":"max-video-preview:-1"},"canonical":"https:\/\/mrestilistas.com\/en\/","og_locale":"en_GB","og_type":"article","og_title":"Inicio - MR Estilistas O.E.","og_description":"MR Estilistas Especialistas en estilismo capilar, manicura de dise\u00f1o y est\u00e9tica avanzada con tecnolog\u00eda l\u00e1ser. Un espacio pensado para tu bienestar y resultados impecables. Belleza completa en un solo lugar En MR Estilistas cuidamos cada detalle de tu imagen. Disfruta de servicios expertos en peluquer\u00eda y dise\u00f1o de u\u00f1as, junto a la precisi\u00f3n de nuestra [&hellip;]","og_url":"https:\/\/mrestilistas.com\/en\/","og_site_name":"MR Estilistas O.E.","article_modified_time":"2026-03-25T14:44:42+00:00","og_image":[{"url":"https:\/\/mrestilistas.com\/wp-content\/uploads\/2026\/03\/WhatsApp-Image-2026-03-25-at-14.56.52-5.jpeg","type":"","width":"","height":""}],"twitter_card":"summary_large_image","twitter_misc":{"Est. reading time":"1 minute"},"schema":{"@context":"https:\/\/schema.org","@graph":[{"@type":"WebPage","@id":"https:\/\/mrestilistas.com\/","url":"https:\/\/mrestilistas.com\/","name":"Inicio - MR Estilistas O.E.","isPartOf":{"@id":"https:\/\/mrestilistas.com\/#website"},"primaryImageOfPage":{"@id":"https:\/\/mrestilistas.com\/#primaryimage"},"image":{"@id":"https:\/\/mrestilistas.com\/#primaryimage"},"thumbnailUrl":"https:\/\/mrestilistas.com\/wp-content\/uploads\/2026\/03\/WhatsApp-Image-2026-03-25-at-14.56.52-5.jpeg","datePublished":"2026-03-24T15:23:55+00:00","dateModified":"2026-03-25T14:44:42+00:00","breadcrumb":{"@id":"https:\/\/mrestilistas.com\/#breadcrumb"},"inLanguage":"en-GB","potentialAction":[{"@type":"ReadAction","target":["https:\/\/mrestilistas.com\/"]}]},{"@type":"ImageObject","inLanguage":"en-GB","@id":"https:\/\/mrestilistas.com\/#primaryimage","url":"https:\/\/mrestilistas.com\/wp-content\/uploads\/2026\/03\/WhatsApp-Image-2026-03-25-at-14.56.52-5.jpeg","contentUrl":"https:\/\/mrestilistas.com\/wp-content\/uploads\/2026\/03\/WhatsApp-Image-2026-03-25-at-14.56.52-5.jpeg"},{"@type":"BreadcrumbList","@id":"https:\/\/mrestilistas.com\/#breadcrumb","itemListElement":[{"@type":"ListItem","position":1,"name":"Portada","item":"https:\/\/mrestilistas.com\/"},{"@type":"ListItem","position":2,"name":"Inicio"}]},{"@type":"WebSite","@id":"https:\/\/mrestilistas.com\/#website","url":"https:\/\/mrestilistas.com\/","name":"MR Estilistas O.E.","description":"Manicura y Peluquer\u00eda","publisher":{"@id":"https:\/\/mrestilistas.com\/#organization"},"potentialAction":[{"@type":"SearchAction","target":{"@type":"EntryPoint","urlTemplate":"https:\/\/mrestilistas.com\/?s={search_term_string}"},"query-input":{"@type":"PropertyValueSpecification","valueRequired":true,"valueName":"search_term_string"}}],"inLanguage":"en-GB"},{"@type":"Organization","@id":"https:\/\/mrestilistas.com\/#organization","name":"MR Estilistas O.E.","url":"https:\/\/mrestilistas.com\/","logo":{"@type":"ImageObject","inLanguage":"en-GB","@id":"https:\/\/mrestilistas.com\/#\/schema\/logo\/image\/","url":"https:\/\/mrestilistas.com\/wp-content\/uploads\/2026\/03\/cropped-mrestilistas202603_logo_web-scaled-1.png","contentUrl":"https:\/\/mrestilistas.com\/wp-content\/uploads\/2026\/03\/cropped-mrestilistas202603_logo_web-scaled-1.png","width":2559,"height":1691,"caption":"MR Estilistas O.E."},"image":{"@id":"https:\/\/mrestilistas.com\/#\/schema\/logo\/image\/"}}]}},"_links":{"self":[{"href":"https:\/\/mrestilistas.com\/en\/wp-json\/wp\/v2\/pages\/14","targetHints":{"allow":["GET"]}}],"collection":[{"href":"https:\/\/mrestilistas.com\/en\/wp-json\/wp\/v2\/pages"}],"about":[{"href":"https:\/\/mrestilistas.com\/en\/wp-json\/wp\/v2\/types\/page"}],"author":[{"embeddable":true,"href":"https:\/\/mrestilistas.com\/en\/wp-json\/wp\/v2\/users\/1"}],"replies":[{"embeddable":true,"href":"https:\/\/mrestilistas.com\/en\/wp-json\/wp\/v2\/comments?post=14"}],"version-history":[{"count":82,"href":"https:\/\/mrestilistas.com\/en\/wp-json\/wp\/v2\/pages\/14\/revisions"}],"predecessor-version":[{"id":587,"href":"https:\/\/mrestilistas.com\/en\/wp-json\/wp\/v2\/pages\/14\/revisions\/587"}],"wp:attachment":[{"href":"https:\/\/mrestilistas.com\/en\/wp-json\/wp\/v2\/media?parent=14"}],"curies":[{"name":"wp","href":"https:\/\/api.w.org\/{rel}","templated":true}]}}